{"id":1867,"date":"2021-05-19T11:02:32","date_gmt":"2021-05-19T09:02:32","guid":{"rendered":"http:\/\/dev.ganafood.eu\/aviso-legal\/"},"modified":"2023-05-20T13:01:28","modified_gmt":"2023-05-20T11:01:28","slug":"nota-prawna","status":"publish","type":"page","link":"https:\/\/ganafood.eu\/pl\/nota-prawna\/","title":{"rendered":"Nota prawna"},"content":{"rendered":"<p><a href=\"http:\/\/dev.ganafood.eu\/pl\/\"><br \/>\n\t\t\t\t\t\t\t<img decoding=\"async\" width=\"851\" height=\"1024\" src=\"http:\/\/dev.ganafood.eu\/wp-content\/uploads\/2021\/05\/logo-21-851x1024.png\" alt=\"\" loading=\"lazy\" srcset=\"http:\/\/dev.ganafood.eu\/wp-content\/uploads\/2021\/05\/logo-21-851x1024.png 851w, http:\/\/dev.ganafood.eu\/wp-content\/uploads\/2021\/05\/logo-21-249x300.png 249w, http:\/\/dev.ganafood.eu\/wp-content\/uploads\/2021\/05\/logo-21-768x925.png 768w, http:\/\/dev.ganafood.eu\/wp-content\/uploads\/2021\/05\/logo-21.png 986w\" sizes=\"auto, (max-width: 851px) 100vw, 851px\" \/>\t\t\t\t\t\t\t\t<\/a><\/p>\n<h2>Aviso Legal<\/h2>\n<section data-particle_enable=\"false\" data-particle-mobile-disabled=\"false\" data-id=\"712719a\" data-element_type=\"section\">En cumplimiento del art\u00edculo 10 de la Ley 34\/2002, de 11 de julio, de Servicios de la Sociedad de la Informaci\u00f3n y Comercio Electr\u00f3nico te informamos que el Titular del sitio web beyondthebig.com (en adelante, el \u2018sitio Web\u2019), es Cristina Fern\u00e1ndez Navarro, con NIF 18449737B y domicilio social en calle Taxdirt, 18\u00a0 08025 Barcelona.\u00a0Puedes contactar con BeyondTheBig a trav\u00e9s del correo electr\u00f3nico hello@beyondthebig.com y a trav\u00e9s de las formas de contacto que encontrar\u00e1s en\u00a0<a href=\"https:\/\/beyondthebig.com\/contacto\">https:\/\/beyondthebig.com\/contacto<\/a>.<\/p>\n<h2>\u00a0<\/h2>\n<h2><strong>1. Objeto<\/strong><\/h2>\n<p>La finalidad del sitio Web de BeyondTheBig tiene por objeto informar sobre BeyondTheBig , las actividades que realiza y de los Servicios que presta, atender las solicitudes de compra y facilitar a los clientes la gesti\u00f3n de los Servicios contratados.<\/p>\n<h2>\u00a0<\/h2>\n<h2><strong>2. Condiciones de Uso<\/strong><\/h2>\n<p>La utilizaci\u00f3n del sitio Web te otorga la condici\u00f3n de Usuario y est\u00e1 condicionado a la lectura previa y aceptaci\u00f3n completa, expresa y sin reservas de todas las cl\u00e1usulas y condiciones de uso incluidas en este Aviso Legal, en la Pol\u00edtica de Privacidad y en la Pol\u00edtica de Cookies a las que puedes acceder desde estos enlaces:<\/p>\n<ul>\n<li>Pol\u00edtica de Privacidad:\u00a0<a href=\"https:\/\/superadmin.es\/legal\/politica-de-privacidad\/\">\u00a0<\/a><a href=\"https:\/\/web.beyondthebig.com\/politica-de-privacidad\/\">https:\/\/web.beyondthebig.com\/politica-de-privacidad\/<\/a><\/li>\n<li>Pol\u00edtica de Cookies: \u00a0<a href=\"https:\/\/web.beyondthebig.com\/politica-de-cookies\/\">https:\/\/web.beyondthebig.com<\/a><a href=\"https:\/\/superadmin.es\/legal\/politica-de-cookies\/\">\/politica-de-cookies\/<\/a><\/li>\n<\/ul>\n<p>Si no est\u00e1s conforme con todas y cada una de estas cl\u00e1usulas y condiciones te abstendr\u00e1s de utilizar el sitio Web.<\/p>\n<h2>\u00a0<\/h2>\n<h2><strong>3. Contenido<\/strong><\/h2>\n<p>A trav\u00e9s del sitio Web, BeyondTheBig te facilita el acceso y la utilizaci\u00f3n de diversos contenidos que BeyondTheBig o sus colaboradores han publicado por medio de Internet.A tal efecto, te obligas y comprometes a NO utilizar cualquiera de los contenidos del sitio Web con fines o efectos il\u00edcitos, prohibidos en este Aviso Legal o por la legislaci\u00f3n vigente, lesivos de los derechos e intereses de terceros, o que de cualquier forma puedan da\u00f1ar, inutilizar, sobrecargar, deteriorar o impedir la normal utilizaci\u00f3n de los contenidos, los equipos inform\u00e1ticos o los documentos, archivos y toda clase de contenidos almacenados en cualquier equipo inform\u00e1tico propios o contratados por BeyondTheBig, de otros Usuarios o de cualquier usuario de Internet.En todo caso, BeyondTheBig se compromete a la retirada inmediata de cualquier contenido que pudiera contravenir la legislaci\u00f3n nacional o internacional, la moral o el orden p\u00fablico, y ponerlo en conocimiento de las autoridades competentes.<\/p>\n<h2>\u00a0<\/h2>\n<h2><strong>3. El Blog<\/strong><\/h2>\n<p>BeyondTheBig dispone de un blog d\u00f3nde publica contenidos de su inter\u00e9s y que es accesible desde la direcci\u00f3n web https:\/\/beyondthebig.com\/blog (en adelante, \u2018Blog\u2019).El contenido de los art\u00edculos\u00a0Respecto al contenido de los art\u00edculos del Blog eres libre de:<\/p>\n<ul>\n<li>Compartir, copiar y redistribuir el material en cualquier medio o formato.<\/li>\n<li>Adaptar, remezclar, transformar y crear a partir del material.<\/li>\n<\/ul>\n<p>Bajo las condiciones siguientes:<\/p>\n<ul>\n<li>Reconocimiento: Debe reconocer adecuadamente la autor\u00eda, proporcionar un enlace a la licencia e indicar si se han realizado cambios. Puede hacerlo de cualquier manera razonable, pero no de una manera que sugiera que tiene el apoyo del licenciador o lo recibe por el uso que hace.<\/li>\n<li>No Comercial: No puede utilizar el material para una finalidad comercial.<\/li>\n<li>Compartir Igual: Si remezcla, transforma o crea a partir del material, deber\u00e1 difundir sus contribuciones bajo la misma licencia que el original.<\/li>\n<\/ul>\n<p><b>Comentarios<\/b><\/p>\n<p>Los art\u00edculos del Blog incluyen un sistema de comentarios que permiten al Usuario participar en una conversaci\u00f3n sobre el contenido del art\u00edculo y realizar consultas a BeyondTheBig.BeyondTheBig se reserva el derecho de retirar todos aquellos comentarios que vulneren la legislaci\u00f3n vigente, lesivos de los derechos o intereses de terceros, o que, a su juicio, no resulten adecuados para su publicaci\u00f3n.BeyondTheBig no ser\u00e1 responsable de las opiniones vertidas por los Usuarios a trav\u00e9s del sistema de comentarios, las redes sociales u otras herramientas de participaci\u00f3n, conforme a lo previsto en la normativa de aplicaci\u00f3n.<\/p>\n<p><b>Limitaci\u00f3n de garant\u00eda y responsabilidad<\/b><\/p>\n<p>El Blog contiene art\u00edculos elaborados con fines meramente informativos o divulgativos que pueden no reflejar el estado actual de la tecnolog\u00eda, legislaci\u00f3n o la jurisprudencia y que se refieren a situaciones generales por lo que su contenido no puede ser aplicado nunca por el Usuario a casos concretos.El contenido de los art\u00edculos publicados en el Blog no puede ser considerado, en ning\u00fan caso, sustitutivo de asesoramiento legal. El usuario no debe actuar sobre la base de la informaci\u00f3n contenida en BeyondTheBig sin recurrir previamente al correspondiente asesoramiento profesional.<\/p>\n<h2>\u00a0<\/h2>\n<h2><strong>4. Enlaces a otros sitios Web<\/strong><\/h2>\n<p>BeyondTheBig puede proporcionarte acceso a otros sitios Web ajenos mediante enlaces con la finalidad exclusiva de informarte sobre la existencia de otras fuentes de informaci\u00f3n en Internet en las que podr\u00e1s ampliar los datos ofrecidos en el sitio Web. Estos enlaces a otros sitios Web no suponen en ning\u00fan caso una sugerencia o recomendaci\u00f3n para que visites las p\u00e1ginas web de destino, que est\u00e1n fuera del control de BeyondTheBig y sobre las que no asume ninguna responsabilidad respecto a dichos contenidos ni del resultado que obtengas al seguir los enlaces.En todo caso, BeyondTheBig se compromete a la eliminaci\u00f3n de cualquier enlace o redirecci\u00f3n que pudiera contravenir la legislaci\u00f3n nacional o internacional, la moral o el orden p\u00fablico, y ponerlo en conocimiento de las autoridades competentes.<\/p>\n<h2>\u00a0<\/h2>\n<h2><strong>5. Modificaciones<\/strong><\/h2>\n<p>BeyondTheBig se reserva el derecho a modificar, suspender, cancelar o restringir el contenido del sitio Web, su dise\u00f1o y los enlaces contenidos sin necesidad de previo aviso.<\/p>\n<h2>\u00a0<\/h2>\n<h2><strong>6. Exenci\u00f3n de responsabilidades<\/strong><\/h2>\n<p>BeyondTheBig no garantiza la inexistencia de errores en el acceso o en el contenido del sitio Web o del Blog, ni que estos se encuentren actualizados, aunque BeyondTheBig realizar\u00e1 los mayores esfuerzos para evitarlos, corregirlos o para mantener actualizada su informaci\u00f3n.BeyondTheBig no se hace responsable por los da\u00f1os que se puedan causar en los equipos o sistemas de los usuarios por posibles virus inform\u00e1ticos que se hubieran podido contraer por la navegaci\u00f3n del usuario en el sitio Web.<\/p>\n<h2>\u00a0<\/h2>\n<h2><strong>7. Medidas de seguridad<\/strong><\/h2>\n<p>El sitio Web utiliza un certificado de seguridad TLS para asegurar la autenticidad del servidor y la integridad y cifrado de las comunicaciones entre el Usuario y BeyondTheBig.No obstante, debes ser consciente de que las medidas de seguridad de los sistemas inform\u00e1ticos en Internet no son enteramente fiables y que, por tanto BeyondTheBig no puede garantizar la inexistencia de virus u otros elementos que puedan producir alteraciones en los sistemas inform\u00e1ticos (software y hardware) del Usuario o en sus documentos electr\u00f3nicos y ficheros contenidos en los mismos. Aunque BeyondTheBig pone todos los medios necesarios y toma las medidas de seguridad oportunas para evitar la presencia de estos elementos da\u00f1inos.\u00a0<\/p>\n<h2><strong>8. Datos personales<\/strong><\/h2>\n<p>Puedes consultar toda la informaci\u00f3n relativa al tratamiento de datos personales que realiza BeyondTheBig en la p\u00e1gina de\u00a0<a href=\"https:\/\/web.beyondthebig.com\/politica-de-privacidad\/%20%E2%80%8E\" data-wplink-url-error=\"true\">Pol\u00edtica de Privacidad<\/a>.\u00a0<\/p>\n<h2><strong>9. Pol\u00edtica de cookies<\/strong><\/h2>\n<p>Puedes consultar toda la informaci\u00f3n relativa a la pol\u00edtica de recogida y tratamiento de las cookies en la p\u00e1gina de\u00a0<a href=\"https:\/\/web.beyondthebig.com\/politica-de-cookies\/\">Pol\u00edtica de Cookies<\/a>.<\/p>\n<h2>\u00a0<\/h2>\n<h2><strong>10. Propiedad intelectual<\/strong><\/h2>\n<p>El sitio web BeyondTheBig, incluyendo a t\u00edtulo enunciativo pero no limitativo su programaci\u00f3n, dise\u00f1o y dem\u00e1s elementos necesarios para su funcionamiento, logotipos, texto, gr\u00e1ficos e im\u00e1genes son propiedad de BeyondTheBig correspondi\u00e9ndonos el ejercicio exclusivo de los derechos de explotaci\u00f3n.Los dise\u00f1os, logotipos, textos y gr\u00e1ficos ajenos a BeyondTheBig y que pudieran aparecer en el sitio Web, pertenecen a sus respectivos propietarios. BeyondTheBig reconoce a favor de sus titulares los correspondientes derechos de propiedad intelectual e industrial, no implicando su sola menci\u00f3n o aparici\u00f3n en el sitio Web la existencia de derechos o responsabilidad alguna sobre los mismos, como tampoco respaldo, patrocinio o recomendaci\u00f3n por parte de BeyondTheBig.<\/p>\n<h2>\u00a0<\/h2>\n<h2><strong>11. Legislaci\u00f3n aplicable y Jurisdicci\u00f3n<\/strong><\/h2>\n<p>Para la resoluci\u00f3n de todas las controversias o cuestiones relacionadas con el sitio Web o de las actividades en \u00e9l desarrolladas, ser\u00e1 de aplicaci\u00f3n la legislaci\u00f3n espa\u00f1ola, a la que se someten expresamente las partes, siendo competentes para la resoluci\u00f3n de todos los conflictos derivados o relacionados con su uso los Juzgados y Tribunales m\u00e1s cercanos a Barcelona.En caso de que cualquier cl\u00e1usula del presente documento sea declarada nula, las dem\u00e1s cl\u00e1usulas seguir\u00e1n vigentes y se interpretar\u00e1n teniendo en cuenta la voluntad de las partes y la finalidad misma de las presentes condiciones.\u00daltima actualizaci\u00f3n el 20 de Septiembre de 2020.<\/section>\n<section data-particle_enable=\"false\" data-particle-mobile-disabled=\"false\" data-id=\"6732af71\" data-element_type=\"section\" data-settings=\"{\"><\/section>\n<h2>Contacta <\/h2>\n<h2>Contacta <\/h2>\n<h2>Espa\u00f1a<\/h2>\n<h3>\n\t\t\t\t\t+48 721 270 317<br \/>\n\t\t\t\t<\/h3>\n<h3>\n\t\t\t\t\tania@ganafood.eu<br \/>\n\t\t\t\t<\/h3>\n<h2>Polonia<\/h2>\n<h3>\n\t\t\t\t\t+48 721 270 317<br \/>\n\t\t\t\t<\/h3>\n<h3>\n\t\t\t\t\tkasia@ganafood.eu<br \/>\n\t\t\t\t<\/h3>\n<h2>Enlaces<\/h2>\n<p><a href=\"http:\/\/dev.ganafood.eu\/pl\/\">Home<\/a><\/p>\n<p><a href=\"http:\/\/dev.ganafood.eu\/productos\/\">Productos<\/a><\/p>\n<p><a href=\"http:\/\/dev.ganafood.eu\/empresa\/\">Empresa<\/a><\/p>\n<p><a href=\"http:\/\/dev.ganafood.eu\/contacto\/\">Contacto<\/a><\/p>\n<p>\u00a9 2021 Gana Food. All rights reserved. Terms and Conditions\u00a0 \u00a0 |\u00a0 \u00a0<a href=\"http:\/\/dev.ganafood.eu\/politica-de-privacidad\/\">Pol\u00edtica de Privacidad<\/a>\u00a0 |\u00a0 \u00a0<a href=\"http:\/\/dev.ganafood.eu\/aviso-legal\/\">Aviso Legal<\/a>\u00a0 \u00a0|\u00a0 \u00a0<a href=\"http:\/\/dev.ganafood.eu\/politica-de-cookies\/\">Pol\u00edtica de Cookies<\/a>\u00a0<\/p>\n","protected":false},"excerpt":{"rendered":"<p>Aviso Legal En cumplimiento del art\u00edculo 10 de la Ley 34\/2002, de 11 de julio, de Servicios de la Sociedad de la Informaci\u00f3n y Comercio Electr\u00f3nico te informamos que el Titular del sitio web beyondthebig.com (en adelante, el \u2018sitio Web\u2019), es Cristina Fern\u00e1ndez Navarro, con NIF 18449737B y domicilio social en calle Taxdirt, 18\u00a0 08025 &#8230; <a title=\"Nota prawna\" class=\"read-more\" href=\"https:\/\/ganafood.eu\/pl\/nota-prawna\/\" aria-label=\"Wi\u0119cej na Nota prawna\">Dowiedz si\u0119 wi\u0119cej<\/a><\/p>\n","protected":false},"author":3,"featured_media":0,"parent":0,"menu_order":0,"comment_status":"closed","ping_status":"closed","template":"elementor_canvas","meta":{"footnotes":""},"class_list":["post-1867","page","type-page","status-publish"],"yoast_head":"<!-- This site is optimized with the Yoast SEO plugin v22.5 - https:\/\/yoast.com\/wordpress\/plugins\/seo\/ -->\n<title>Nota prawna - GANAFOOD INTERNATIONAL SP. Z O. O.<\/title>\n<meta name=\"robots\" content=\"index, follow, max-snippet:-1, max-image-preview:large, max-video-preview:-1\" \/>\n<link rel=\"canonical\" href=\"https:\/\/ganafood.eu\/pl\/nota-prawna\/\" \/>\n<meta property=\"og:locale\" content=\"pl_PL\" \/>\n<meta property=\"og:type\" content=\"article\" \/>\n<meta property=\"og:title\" content=\"Nota prawna - GANAFOOD INTERNATIONAL SP. Z O. O.\" \/>\n<meta property=\"og:description\" content=\"Aviso Legal En cumplimiento del art\u00edculo 10 de la Ley 34\/2002, de 11 de julio, de Servicios de la Sociedad de la Informaci\u00f3n y Comercio Electr\u00f3nico te informamos que el Titular del sitio web beyondthebig.com (en adelante, el \u2018sitio Web\u2019), es Cristina Fern\u00e1ndez Navarro, con NIF 18449737B y domicilio social en calle Taxdirt, 18\u00a0 08025 ... Dowiedz si\u0119 wi\u0119cej\" \/>\n<meta property=\"og:url\" content=\"https:\/\/ganafood.eu\/pl\/nota-prawna\/\" \/>\n<meta property=\"og:site_name\" content=\"GANAFOOD INTERNATIONAL SP. Z O. O.\" \/>\n<meta property=\"article:modified_time\" content=\"2023-05-20T11:01:28+00:00\" \/>\n<meta property=\"og:image\" content=\"http:\/\/dev.ganafood.eu\/wp-content\/uploads\/2021\/05\/logo-21-851x1024.png\" \/>\n<meta name=\"twitter:card\" content=\"summary_large_image\" \/>\n<meta name=\"twitter:label1\" content=\"Szacowany czas czytania\" \/>\n\t<meta name=\"twitter:data1\" content=\"7 minut\" \/>\n<script type=\"application\/ld+json\" class=\"yoast-schema-graph\">{\"@context\":\"https:\/\/schema.org\",\"@graph\":[{\"@type\":\"WebPage\",\"@id\":\"https:\/\/ganafood.eu\/pl\/nota-prawna\/\",\"url\":\"https:\/\/ganafood.eu\/pl\/nota-prawna\/\",\"name\":\"Nota prawna - GANAFOOD INTERNATIONAL SP. Z O. O.\",\"isPartOf\":{\"@id\":\"https:\/\/ganafood.eu\/#website\"},\"primaryImageOfPage\":{\"@id\":\"https:\/\/ganafood.eu\/pl\/nota-prawna\/#primaryimage\"},\"image\":{\"@id\":\"https:\/\/ganafood.eu\/pl\/nota-prawna\/#primaryimage\"},\"thumbnailUrl\":\"http:\/\/dev.ganafood.eu\/wp-content\/uploads\/2021\/05\/logo-21-851x1024.png\",\"datePublished\":\"2021-05-19T09:02:32+00:00\",\"dateModified\":\"2023-05-20T11:01:28+00:00\",\"breadcrumb\":{\"@id\":\"https:\/\/ganafood.eu\/pl\/nota-prawna\/#breadcrumb\"},\"inLanguage\":\"pl-PL\",\"potentialAction\":[{\"@type\":\"ReadAction\",\"target\":[\"https:\/\/ganafood.eu\/pl\/nota-prawna\/\"]}]},{\"@type\":\"ImageObject\",\"inLanguage\":\"pl-PL\",\"@id\":\"https:\/\/ganafood.eu\/pl\/nota-prawna\/#primaryimage\",\"url\":\"http:\/\/dev.ganafood.eu\/wp-content\/uploads\/2021\/05\/logo-21-851x1024.png\",\"contentUrl\":\"http:\/\/dev.ganafood.eu\/wp-content\/uploads\/2021\/05\/logo-21-851x1024.png\"},{\"@type\":\"BreadcrumbList\",\"@id\":\"https:\/\/ganafood.eu\/pl\/nota-prawna\/#breadcrumb\",\"itemListElement\":[{\"@type\":\"ListItem\",\"position\":1,\"name\":\"Portada\",\"item\":\"https:\/\/ganafood.eu\/pl\/\"},{\"@type\":\"ListItem\",\"position\":2,\"name\":\"Nota prawna\"}]},{\"@type\":\"WebSite\",\"@id\":\"https:\/\/ganafood.eu\/#website\",\"url\":\"https:\/\/ganafood.eu\/\",\"name\":\"GANAFOOD INTERNATIONAL SP. Z O. O.\",\"description\":\"Fruit Your Life\",\"potentialAction\":[{\"@type\":\"SearchAction\",\"target\":{\"@type\":\"EntryPoint\",\"urlTemplate\":\"https:\/\/ganafood.eu\/?s={search_term_string}\"},\"query-input\":\"required name=search_term_string\"}],\"inLanguage\":\"pl-PL\"}]}<\/script>\n<!-- \/ Yoast SEO plugin. -->","yoast_head_json":{"title":"Nota prawna - GANAFOOD INTERNATIONAL SP. Z O. O.","robots":{"index":"index","follow":"follow","max-snippet":"max-snippet:-1","max-image-preview":"max-image-preview:large","max-video-preview":"max-video-preview:-1"},"canonical":"https:\/\/ganafood.eu\/pl\/nota-prawna\/","og_locale":"pl_PL","og_type":"article","og_title":"Nota prawna - GANAFOOD INTERNATIONAL SP. Z O. O.","og_description":"Aviso Legal En cumplimiento del art\u00edculo 10 de la Ley 34\/2002, de 11 de julio, de Servicios de la Sociedad de la Informaci\u00f3n y Comercio Electr\u00f3nico te informamos que el Titular del sitio web beyondthebig.com (en adelante, el \u2018sitio Web\u2019), es Cristina Fern\u00e1ndez Navarro, con NIF 18449737B y domicilio social en calle Taxdirt, 18\u00a0 08025 ... Dowiedz si\u0119 wi\u0119cej","og_url":"https:\/\/ganafood.eu\/pl\/nota-prawna\/","og_site_name":"GANAFOOD INTERNATIONAL SP. Z O. O.","article_modified_time":"2023-05-20T11:01:28+00:00","og_image":[{"url":"http:\/\/dev.ganafood.eu\/wp-content\/uploads\/2021\/05\/logo-21-851x1024.png"}],"twitter_card":"summary_large_image","twitter_misc":{"Szacowany czas czytania":"7 minut"},"schema":{"@context":"https:\/\/schema.org","@graph":[{"@type":"WebPage","@id":"https:\/\/ganafood.eu\/pl\/nota-prawna\/","url":"https:\/\/ganafood.eu\/pl\/nota-prawna\/","name":"Nota prawna - GANAFOOD INTERNATIONAL SP. Z O. O.","isPartOf":{"@id":"https:\/\/ganafood.eu\/#website"},"primaryImageOfPage":{"@id":"https:\/\/ganafood.eu\/pl\/nota-prawna\/#primaryimage"},"image":{"@id":"https:\/\/ganafood.eu\/pl\/nota-prawna\/#primaryimage"},"thumbnailUrl":"http:\/\/dev.ganafood.eu\/wp-content\/uploads\/2021\/05\/logo-21-851x1024.png","datePublished":"2021-05-19T09:02:32+00:00","dateModified":"2023-05-20T11:01:28+00:00","breadcrumb":{"@id":"https:\/\/ganafood.eu\/pl\/nota-prawna\/#breadcrumb"},"inLanguage":"pl-PL","potentialAction":[{"@type":"ReadAction","target":["https:\/\/ganafood.eu\/pl\/nota-prawna\/"]}]},{"@type":"ImageObject","inLanguage":"pl-PL","@id":"https:\/\/ganafood.eu\/pl\/nota-prawna\/#primaryimage","url":"http:\/\/dev.ganafood.eu\/wp-content\/uploads\/2021\/05\/logo-21-851x1024.png","contentUrl":"http:\/\/dev.ganafood.eu\/wp-content\/uploads\/2021\/05\/logo-21-851x1024.png"},{"@type":"BreadcrumbList","@id":"https:\/\/ganafood.eu\/pl\/nota-prawna\/#breadcrumb","itemListElement":[{"@type":"ListItem","position":1,"name":"Portada","item":"https:\/\/ganafood.eu\/pl\/"},{"@type":"ListItem","position":2,"name":"Nota prawna"}]},{"@type":"WebSite","@id":"https:\/\/ganafood.eu\/#website","url":"https:\/\/ganafood.eu\/","name":"GANAFOOD INTERNATIONAL SP. Z O. O.","description":"Fruit Your Life","potentialAction":[{"@type":"SearchAction","target":{"@type":"EntryPoint","urlTemplate":"https:\/\/ganafood.eu\/?s={search_term_string}"},"query-input":"required name=search_term_string"}],"inLanguage":"pl-PL"}]}},"_links":{"self":[{"href":"https:\/\/ganafood.eu\/pl\/wp-json\/wp\/v2\/pages\/1867","targetHints":{"allow":["GET"]}}],"collection":[{"href":"https:\/\/ganafood.eu\/pl\/wp-json\/wp\/v2\/pages"}],"about":[{"href":"https:\/\/ganafood.eu\/pl\/wp-json\/wp\/v2\/types\/page"}],"author":[{"embeddable":true,"href":"https:\/\/ganafood.eu\/pl\/wp-json\/wp\/v2\/users\/3"}],"replies":[{"embeddable":true,"href":"https:\/\/ganafood.eu\/pl\/wp-json\/wp\/v2\/comments?post=1867"}],"version-history":[{"count":1,"href":"https:\/\/ganafood.eu\/pl\/wp-json\/wp\/v2\/pages\/1867\/revisions"}],"predecessor-version":[{"id":2157,"href":"https:\/\/ganafood.eu\/pl\/wp-json\/wp\/v2\/pages\/1867\/revisions\/2157"}],"wp:attachment":[{"href":"https:\/\/ganafood.eu\/pl\/wp-json\/wp\/v2\/media?parent=1867"}],"curies":[{"name":"wp","href":"https:\/\/api.w.org\/{rel}","templated":true}]}}