{"id":1870,"date":"2021-05-19T10:56:48","date_gmt":"2021-05-19T08:56:48","guid":{"rendered":"http:\/\/dev.ganafood.eu\/politica-de-privacidad\/"},"modified":"2023-05-20T10:17:22","modified_gmt":"2023-05-20T08:17:22","slug":"privacy-policy","status":"publish","type":"page","link":"https:\/\/ganafood.eu\/en\/privacy-policy\/","title":{"rendered":"Privacy Policy"},"content":{"rendered":"<p><a href=\"http:\/\/dev.ganafood.eu\/en\/\"><br \/>\n\t\t\t\t\t\t\t<img decoding=\"async\" width=\"851\" height=\"1024\" src=\"http:\/\/dev.ganafood.eu\/wp-content\/uploads\/2021\/05\/logo-21-851x1024.png\" alt=\"\" loading=\"lazy\" srcset=\"http:\/\/dev.ganafood.eu\/wp-content\/uploads\/2021\/05\/logo-21-851x1024.png 851w, http:\/\/dev.ganafood.eu\/wp-content\/uploads\/2021\/05\/logo-21-249x300.png 249w, http:\/\/dev.ganafood.eu\/wp-content\/uploads\/2021\/05\/logo-21-768x925.png 768w, http:\/\/dev.ganafood.eu\/wp-content\/uploads\/2021\/05\/logo-21.png 986w\" sizes=\"auto, (max-width: 851px) 100vw, 851px\" \/>\t\t\t\t\t\t\t\t<\/a><\/p>\n<h2>Pol\u00edtica de privacidad<\/h2>\n<section data-particle_enable=\"false\" data-particle-mobile-disabled=\"false\" data-id=\"712719a\" data-element_type=\"section\">Cristina Fern\u00e1ndez Navarro, (en adelante, Responsable), es el responsable del tratamiento de los datos personales del Usuario y le informa que estos datos ser\u00e1n tratados de conformidad con lo dispuesto en el Reglamento (UE) 2016\/679 de 27 de abril (GDPR) y la Ley Org\u00e1nica 3\/2018 de 5 de diciembre (LOPDGDD), por lo que se le facilita la siguiente informaci\u00f3n del tratamiento:<\/section>\n<section data-particle_enable=\"false\" data-particle-mobile-disabled=\"false\" data-id=\"48294d00\" data-element_type=\"section\">\n<p><b>Fin del tratamiento<\/b><\/p>\n<ul>\n<li>Mantener una relaci\u00f3n contractual, as\u00ed como gestionar el acceso y utilizaci\u00f3n de los Servicios al Usuario.<\/li>\n<li>Mantener una relaci\u00f3n comercial con el Usuario.<\/li>\n<li>Remitir boletines y comunicaciones comerciales acerca de los Productos y Servicios de BeyondTheBig.<\/li>\n<\/ul>\n<p>Las operaciones previstas para realizar el tratamiento son:<\/p>\n<ul>\n<li>Remisi\u00f3n de comunicaciones comerciales publicitarias, comunicaciones en referencia a los Servicios, cuestiones t\u00e9cnicas o cambios en los mismos, por correo electr\u00f3nico, SMS, WhatsApp, comunidades sociales o cualquier otro medio electr\u00f3nico o f\u00edsico, presente o futuro, que posibilite realizar comunicaciones. Estas comunicaciones ser\u00e1n realizadas por el Responsable y relacionadas con sus Servicios, o de sus colaboradores o proveedores con los que \u00e9ste haya alcanzado alg\u00fan acuerdo de promoci\u00f3n. En este caso, los terceros nunca tendr\u00e1n acceso a los datos personales.<\/li>\n<li>Los datos recibidos por cualquiera de los medios y\/o canales de contacto indicados en el sitio Web, se utilizan con la finalidad de gestionar las solicitudes o incidencias comunicadas por los interesados.<\/li>\n<li>Realizar estudios estad\u00edsticos.<\/li>\n<li>Tramitar encargos, solicitudes o cualquier tipo de petici\u00f3n que sea realizada por el usuario a trav\u00e9s de cualquiera de las formas de contacto que se ponen a su disposici\u00f3n.<\/li>\n<li>Remitir el bolet\u00edn de noticias del sitio Web.<\/li>\n<li>Gestionar el acceso y la utilizaci\u00f3n de los Servicios al Usuario.<\/li>\n<\/ul>\n<p><b>Base jur\u00eddica del tratamiento<\/b><\/p>\n<ul>\n<li>El Usuario ha dado su consentimiento.<\/li>\n<li>Para respetar una obligaci\u00f3n contractual con el Usuario.<\/li>\n<li>Para cumplir las obligaciones legales.<\/li>\n<\/ul>\n<p><b>Criterios de conservaci\u00f3n de los datos<\/b><br \/>Se conservar\u00e1n durante no m\u00e1s tiempo del necesario para mantener el fin del tratamiento y cuando ya no sea necesario para tal fin, se suprimir\u00e1n con medidas de seguridad adecuadas para garantizar la seudonimizaci\u00f3n de los datos o la destrucci\u00f3n total de los mismos.En cumplimiento de las disposiciones de la Ley 25\/2007, de 18 de octubre, de conservaci\u00f3n de datos relativos a las comunicaciones electr\u00f3nicas y a las redes p\u00fablicas de comunicaciones, BeyondTheBig deber\u00e1 de retener determinados datos generados o tratados por los mismos, con el fin de posibilitar que dispongan de ellos los agentes facultados.<b>Comunicaci\u00f3n de los datos<\/b>\u00a0El Responsable informa y garantiza expresamente al Usuario que sus datos personales no ser\u00e1n cedidos en ning\u00fan caso a terceros, a excepci\u00f3n de:<\/p>\n<ul>\n<li>En aquellos casos en los que sea necesario para la prestaci\u00f3n de determinados servicios, incluyendo a t\u00edtulo enunciativo pero no limitativo como el registro y\/o transferencia de nombres de dominio, donde los datos personales del interesado podr\u00e1n ser cedidos o comunicados a la Autoridad u \u00d3rgano Nacional o Internacional Registrante competente, encargada del registro del Nombre de Dominio que se trate.<\/li>\n<li>Proveedores que precisen acceder a sus datos para la prestaci\u00f3n de servicios que BeyondTheBig haya contratado a dichos proveedores, y con los cuales tiene suscritos los contratos de tratamiento de datos personales necesarios y exigidos por la normativa para proteger su privacidad.<\/li>\n<li>Administraciones P\u00fablicas y bancos para el cumplimiento de las obligaciones legales a las que BeyondTheBig est\u00e1 sujeto por su actividad.<\/li>\n<\/ul>\n<p><b>Derechos que asisten al Usuario<\/b><\/p>\n<ul>\n<li>Derecho a retirar el consentimiento en cualquier momento.<\/li>\n<li>Derecho de acceso, rectificaci\u00f3n, portabilidad y supresi\u00f3n de sus datos y a la limitaci\u00f3n u oposici\u00f3n al su tratamiento.<\/li>\n<li>Derecho a presentar una reclamaci\u00f3n ante la autoridad de control (www.aepd.es) si considera que el tratamiento no se ajusta a la normativa vigente.<\/li>\n<\/ul>\n<p><b>Datos de contacto para ejercer sus derechos<\/b>Si desea ejercer alguno de los derechos expuestos, rogamos que nos env\u00ede un correo electr\u00f3nico a hello@beyondthebig.com con todos sus datos incluyendo una copia del DNI, o una carta a la direcci\u00f3n:<br \/>Cristina Fern\u00e1ndez Navarro<br \/>Calle Taxdirt 16, 08025 Barcelona (Barcelona).<\/p>\n<h2>\u00a0<\/h2>\n<h2><strong>Car\u00e1cter obligatorio de los datos proporcionados<\/strong><\/h2>\n<p>Los Usuarios, mediante la marcaci\u00f3n de las casillas correspondientes y entrada de datos en los campos, en el formulario de contacto o en el de compra, aceptan expresamente y de forma libre e inequ\u00edvoca, que sus datos son necesarios para atender su petici\u00f3n, por parte del Prestador, siendo voluntaria la inclusi\u00f3n de datos en los campos restantes. El Usuario garantiza que los datos personales facilitados al Responsable son veraces y se hace responsable de comunicar cualquier modificaci\u00f3n de los mismos.Todos los datos solicitados a trav\u00e9s del sitio Web son obligatorios, ya que son necesarios para la prestaci\u00f3n de un Servicio \u00f3ptimo al Usuario. En caso de que no sean facilitados todos los datos, no se garantiza que la informaci\u00f3n y servicios facilitados sean completamente ajustados a sus necesidades.<\/p>\n<h2>\u00a0<\/h2>\n<h2><strong>Medidas de Seguridad<\/strong><\/h2>\n<p>Que de conformidad con lo dispuesto en las normativas vigentes en protecci\u00f3n de datos personales, el Responsable est\u00e1 cumpliendo con todas las disposiciones de las normativas GDPR para el tratamiento de los datos personales de su responsabilidad, y manifiestamente con los principios descritos en el art\u00edculo 5 del GDPR, por los cuales son tratados de manera l\u00edcita, leal y transparente en relaci\u00f3n con el interesado y adecuados, pertinentes y limitados a lo necesario en relaci\u00f3n con los fines para los que son tratados.El Responsable garantiza que ha implementado pol\u00edticas t\u00e9cnicas y organizativas apropiadas para aplicar las medidas de seguridad que establecen el GDPR con el fin de proteger los derechos y libertades de los Usuarios y les ha comunicado la informaci\u00f3n adecuada para que puedan ejercerlos.\u00daltima actualizaci\u00f3n el 20 de Septiembre de 2020.<\/section>\n<section data-particle_enable=\"false\" data-particle-mobile-disabled=\"false\" data-id=\"6732af71\" data-element_type=\"section\" data-settings=\"{\"><\/section>\n<h2>Contacta <\/h2>\n<h2>Contacta <\/h2>\n<h2>Espa\u00f1a<\/h2>\n<h3>\n\t\t\t\t\t+48 721 270 317<br \/>\n\t\t\t\t<\/h3>\n<h3>\n\t\t\t\t\tania@ganafood.eu<br \/>\n\t\t\t\t<\/h3>\n<h2>Polonia<\/h2>\n<h3>\n\t\t\t\t\t+48 721 270 317<br \/>\n\t\t\t\t<\/h3>\n<h3>\n\t\t\t\t\tkasia@ganafood.eu<br \/>\n\t\t\t\t<\/h3>\n<h2>Enlaces<\/h2>\n<p><a href=\"http:\/\/dev.ganafood.eu\/en\/\">Home<\/a><\/p>\n<p><a href=\"http:\/\/dev.ganafood.eu\/productos\/\">Productos<\/a><\/p>\n<p><a href=\"http:\/\/dev.ganafood.eu\/empresa\/\">Empresa<\/a><\/p>\n<p><a href=\"http:\/\/dev.ganafood.eu\/contacto\/\">Contacto<\/a><\/p>\n<p>\u00a9 2021 Gana Food. All rights reserved. Terms and Conditions\u00a0 \u00a0 |\u00a0 \u00a0<a href=\"http:\/\/dev.ganafood.eu\/politica-de-privacidad\/\">Pol\u00edtica de Privacidad<\/a>\u00a0 |\u00a0 \u00a0<a href=\"http:\/\/dev.ganafood.eu\/aviso-legal\/\">Aviso Legal<\/a>\u00a0 \u00a0|\u00a0 \u00a0<a href=\"http:\/\/dev.ganafood.eu\/politica-de-cookies\/\">Pol\u00edtica de Cookies<\/a>\u00a0<\/p>\n","protected":false},"excerpt":{"rendered":"<p>Pol\u00edtica de privacidad Cristina Fern\u00e1ndez Navarro, (en adelante, Responsable), es el responsable del tratamiento de los datos personales del Usuario y le informa que estos datos ser\u00e1n tratados de conformidad con lo dispuesto en el Reglamento (UE) 2016\/679 de 27 de abril (GDPR) y la Ley Org\u00e1nica 3\/2018 de 5 de diciembre (LOPDGDD), por lo &#8230; <a title=\"Privacy Policy\" class=\"read-more\" href=\"https:\/\/ganafood.eu\/en\/privacy-policy\/\" aria-label=\"More on Privacy Policy\">Read more<\/a><\/p>\n","protected":false},"author":3,"featured_media":0,"parent":0,"menu_order":0,"comment_status":"closed","ping_status":"closed","template":"elementor_canvas","meta":{"footnotes":""},"class_list":["post-1870","page","type-page","status-publish"],"yoast_head":"<!-- This site is optimized with the Yoast SEO plugin v22.5 - https:\/\/yoast.com\/wordpress\/plugins\/seo\/ -->\n<title>Privacy Policy - GANAFOOD INTERNATIONAL SP. Z O. O.<\/title>\n<meta name=\"robots\" content=\"index, follow, max-snippet:-1, max-image-preview:large, max-video-preview:-1\" \/>\n<link rel=\"canonical\" href=\"https:\/\/ganafood.eu\/en\/privacy-policy\/\" \/>\n<meta property=\"og:locale\" content=\"en_US\" \/>\n<meta property=\"og:type\" content=\"article\" \/>\n<meta property=\"og:title\" content=\"Privacy Policy - GANAFOOD INTERNATIONAL SP. Z O. O.\" \/>\n<meta property=\"og:description\" content=\"Pol\u00edtica de privacidad Cristina Fern\u00e1ndez Navarro, (en adelante, Responsable), es el responsable del tratamiento de los datos personales del Usuario y le informa que estos datos ser\u00e1n tratados de conformidad con lo dispuesto en el Reglamento (UE) 2016\/679 de 27 de abril (GDPR) y la Ley Org\u00e1nica 3\/2018 de 5 de diciembre (LOPDGDD), por lo ... Read more\" \/>\n<meta property=\"og:url\" content=\"https:\/\/ganafood.eu\/en\/privacy-policy\/\" \/>\n<meta property=\"og:site_name\" content=\"GANAFOOD INTERNATIONAL SP. Z O. O.\" \/>\n<meta property=\"article:modified_time\" content=\"2023-05-20T08:17:22+00:00\" \/>\n<meta property=\"og:image\" content=\"http:\/\/dev.ganafood.eu\/wp-content\/uploads\/2021\/05\/logo-21-851x1024.png\" \/>\n<meta name=\"twitter:card\" content=\"summary_large_image\" \/>\n<meta name=\"twitter:label1\" content=\"Est. reading time\" \/>\n\t<meta name=\"twitter:data1\" content=\"5 minutes\" \/>\n<script type=\"application\/ld+json\" class=\"yoast-schema-graph\">{\"@context\":\"https:\/\/schema.org\",\"@graph\":[{\"@type\":\"WebPage\",\"@id\":\"https:\/\/ganafood.eu\/en\/privacy-policy\/\",\"url\":\"https:\/\/ganafood.eu\/en\/privacy-policy\/\",\"name\":\"Privacy Policy - GANAFOOD INTERNATIONAL SP. Z O. O.\",\"isPartOf\":{\"@id\":\"https:\/\/ganafood.eu\/#website\"},\"primaryImageOfPage\":{\"@id\":\"https:\/\/ganafood.eu\/en\/privacy-policy\/#primaryimage\"},\"image\":{\"@id\":\"https:\/\/ganafood.eu\/en\/privacy-policy\/#primaryimage\"},\"thumbnailUrl\":\"http:\/\/dev.ganafood.eu\/wp-content\/uploads\/2021\/05\/logo-21-851x1024.png\",\"datePublished\":\"2021-05-19T08:56:48+00:00\",\"dateModified\":\"2023-05-20T08:17:22+00:00\",\"breadcrumb\":{\"@id\":\"https:\/\/ganafood.eu\/en\/privacy-policy\/#breadcrumb\"},\"inLanguage\":\"en-US\",\"potentialAction\":[{\"@type\":\"ReadAction\",\"target\":[\"https:\/\/ganafood.eu\/en\/privacy-policy\/\"]}]},{\"@type\":\"ImageObject\",\"inLanguage\":\"en-US\",\"@id\":\"https:\/\/ganafood.eu\/en\/privacy-policy\/#primaryimage\",\"url\":\"http:\/\/dev.ganafood.eu\/wp-content\/uploads\/2021\/05\/logo-21-851x1024.png\",\"contentUrl\":\"http:\/\/dev.ganafood.eu\/wp-content\/uploads\/2021\/05\/logo-21-851x1024.png\"},{\"@type\":\"BreadcrumbList\",\"@id\":\"https:\/\/ganafood.eu\/en\/privacy-policy\/#breadcrumb\",\"itemListElement\":[{\"@type\":\"ListItem\",\"position\":1,\"name\":\"Portada\",\"item\":\"https:\/\/ganafood.eu\/en\/\"},{\"@type\":\"ListItem\",\"position\":2,\"name\":\"Privacy Policy\"}]},{\"@type\":\"WebSite\",\"@id\":\"https:\/\/ganafood.eu\/#website\",\"url\":\"https:\/\/ganafood.eu\/\",\"name\":\"GANAFOOD INTERNATIONAL SP. Z O. O.\",\"description\":\"Fruit Your Life\",\"potentialAction\":[{\"@type\":\"SearchAction\",\"target\":{\"@type\":\"EntryPoint\",\"urlTemplate\":\"https:\/\/ganafood.eu\/?s={search_term_string}\"},\"query-input\":\"required name=search_term_string\"}],\"inLanguage\":\"en-US\"}]}<\/script>\n<!-- \/ Yoast SEO plugin. -->","yoast_head_json":{"title":"Privacy Policy - GANAFOOD INTERNATIONAL SP. Z O. O.","robots":{"index":"index","follow":"follow","max-snippet":"max-snippet:-1","max-image-preview":"max-image-preview:large","max-video-preview":"max-video-preview:-1"},"canonical":"https:\/\/ganafood.eu\/en\/privacy-policy\/","og_locale":"en_US","og_type":"article","og_title":"Privacy Policy - GANAFOOD INTERNATIONAL SP. Z O. O.","og_description":"Pol\u00edtica de privacidad Cristina Fern\u00e1ndez Navarro, (en adelante, Responsable), es el responsable del tratamiento de los datos personales del Usuario y le informa que estos datos ser\u00e1n tratados de conformidad con lo dispuesto en el Reglamento (UE) 2016\/679 de 27 de abril (GDPR) y la Ley Org\u00e1nica 3\/2018 de 5 de diciembre (LOPDGDD), por lo ... Read more","og_url":"https:\/\/ganafood.eu\/en\/privacy-policy\/","og_site_name":"GANAFOOD INTERNATIONAL SP. Z O. O.","article_modified_time":"2023-05-20T08:17:22+00:00","og_image":[{"url":"http:\/\/dev.ganafood.eu\/wp-content\/uploads\/2021\/05\/logo-21-851x1024.png"}],"twitter_card":"summary_large_image","twitter_misc":{"Est. reading time":"5 minutes"},"schema":{"@context":"https:\/\/schema.org","@graph":[{"@type":"WebPage","@id":"https:\/\/ganafood.eu\/en\/privacy-policy\/","url":"https:\/\/ganafood.eu\/en\/privacy-policy\/","name":"Privacy Policy - GANAFOOD INTERNATIONAL SP. Z O. O.","isPartOf":{"@id":"https:\/\/ganafood.eu\/#website"},"primaryImageOfPage":{"@id":"https:\/\/ganafood.eu\/en\/privacy-policy\/#primaryimage"},"image":{"@id":"https:\/\/ganafood.eu\/en\/privacy-policy\/#primaryimage"},"thumbnailUrl":"http:\/\/dev.ganafood.eu\/wp-content\/uploads\/2021\/05\/logo-21-851x1024.png","datePublished":"2021-05-19T08:56:48+00:00","dateModified":"2023-05-20T08:17:22+00:00","breadcrumb":{"@id":"https:\/\/ganafood.eu\/en\/privacy-policy\/#breadcrumb"},"inLanguage":"en-US","potentialAction":[{"@type":"ReadAction","target":["https:\/\/ganafood.eu\/en\/privacy-policy\/"]}]},{"@type":"ImageObject","inLanguage":"en-US","@id":"https:\/\/ganafood.eu\/en\/privacy-policy\/#primaryimage","url":"http:\/\/dev.ganafood.eu\/wp-content\/uploads\/2021\/05\/logo-21-851x1024.png","contentUrl":"http:\/\/dev.ganafood.eu\/wp-content\/uploads\/2021\/05\/logo-21-851x1024.png"},{"@type":"BreadcrumbList","@id":"https:\/\/ganafood.eu\/en\/privacy-policy\/#breadcrumb","itemListElement":[{"@type":"ListItem","position":1,"name":"Portada","item":"https:\/\/ganafood.eu\/en\/"},{"@type":"ListItem","position":2,"name":"Privacy Policy"}]},{"@type":"WebSite","@id":"https:\/\/ganafood.eu\/#website","url":"https:\/\/ganafood.eu\/","name":"GANAFOOD INTERNATIONAL SP. Z O. O.","description":"Fruit Your Life","potentialAction":[{"@type":"SearchAction","target":{"@type":"EntryPoint","urlTemplate":"https:\/\/ganafood.eu\/?s={search_term_string}"},"query-input":"required name=search_term_string"}],"inLanguage":"en-US"}]}},"_links":{"self":[{"href":"https:\/\/ganafood.eu\/en\/wp-json\/wp\/v2\/pages\/1870","targetHints":{"allow":["GET"]}}],"collection":[{"href":"https:\/\/ganafood.eu\/en\/wp-json\/wp\/v2\/pages"}],"about":[{"href":"https:\/\/ganafood.eu\/en\/wp-json\/wp\/v2\/types\/page"}],"author":[{"embeddable":true,"href":"https:\/\/ganafood.eu\/en\/wp-json\/wp\/v2\/users\/3"}],"replies":[{"embeddable":true,"href":"https:\/\/ganafood.eu\/en\/wp-json\/wp\/v2\/comments?post=1870"}],"version-history":[{"count":1,"href":"https:\/\/ganafood.eu\/en\/wp-json\/wp\/v2\/pages\/1870\/revisions"}],"predecessor-version":[{"id":1981,"href":"https:\/\/ganafood.eu\/en\/wp-json\/wp\/v2\/pages\/1870\/revisions\/1981"}],"wp:attachment":[{"href":"https:\/\/ganafood.eu\/en\/wp-json\/wp\/v2\/media?parent=1870"}],"curies":[{"name":"wp","href":"https:\/\/api.w.org\/{rel}","templated":true}]}}